{"id":240,"date":"2025-11-11T15:11:48","date_gmt":"2025-11-11T15:11:48","guid":{"rendered":"https:\/\/www.tanestudio.com\/?page_id=240"},"modified":"2025-11-11T17:17:27","modified_gmt":"2025-11-11T17:17:27","slug":"quien-soy","status":"publish","type":"page","link":"https:\/\/www.tanestudio.com\/index.php\/quien-soy\/","title":{"rendered":"\u00bfQui\u00e9n soy? Fot\u00f3grafo de producto en Vigo y Galicia"},"content":{"rendered":"\t\t<div data-elementor-type=\"wp-page\" data-elementor-id=\"240\" class=\"elementor elementor-240\" data-elementor-post-type=\"page\">\n\t\t\t\t<div class=\"elementor-element elementor-element-7b654c3 e-flex e-con-boxed e-con e-parent\" data-id=\"7b654c3\" data-element_type=\"container\" data-e-type=\"container\">\n\t\t\t\t\t<div class=\"e-con-inner\">\n\t\t<div class=\"elementor-element elementor-element-217eede e-con-full e-flex e-con e-child\" data-id=\"217eede\" data-element_type=\"container\" data-e-type=\"container\">\n\t\t\t\t<div class=\"elementor-element elementor-element-af43fc8 elementor-widget elementor-widget-image\" data-id=\"af43fc8\" data-element_type=\"widget\" data-e-type=\"widget\" data-widget_type=\"image.default\">\n\t\t\t\t\t\t\t\t\t\t\t\t\t\t\t<img fetchpriority=\"high\" decoding=\"async\" width=\"790\" height=\"1024\" src=\"https:\/\/www.tanestudio.com\/wp-content\/uploads\/2025\/11\/Foto-juan-790x1024.jpg\" class=\"attachment-large size-large wp-image-287\" alt=\"\" srcset=\"https:\/\/www.tanestudio.com\/wp-content\/uploads\/2025\/11\/Foto-juan-790x1024.jpg 790w, https:\/\/www.tanestudio.com\/wp-content\/uploads\/2025\/11\/Foto-juan-231x300.jpg 231w, https:\/\/www.tanestudio.com\/wp-content\/uploads\/2025\/11\/Foto-juan-768x995.jpg 768w, https:\/\/www.tanestudio.com\/wp-content\/uploads\/2025\/11\/Foto-juan.jpg 929w\" sizes=\"(max-width: 790px) 100vw, 790px\" \/>\t\t\t\t\t\t\t\t\t\t\t\t\t\t\t<\/div>\n\t\t\t\t<\/div>\n\t\t<div class=\"elementor-element elementor-element-1e32308 e-con-full e-flex e-con e-child\" data-id=\"1e32308\" data-element_type=\"container\" data-e-type=\"container\">\n\t\t\t\t<div class=\"elementor-element elementor-element-a6a23df elementor-widget elementor-widget-text-editor\" data-id=\"a6a23df\" data-element_type=\"widget\" data-e-type=\"widget\" data-widget_type=\"text-editor.default\">\n\t\t\t\t\t\t\t\t\t<p>Mi viaje profesional comenz\u00f3 hace <b>m\u00e1s de 25 a\u00f1os<\/b>, pero la filosof\u00eda que gu\u00eda mi trabajo hoy es simple y poderosa, tal como me ense\u00f1\u00f3 un profesor de fotograf\u00eda: \u00ab<b>Si vendes por internet, tu producto es la fotograf\u00eda\u00bb.<\/b><\/p><p>Como <b>Fot\u00f3grafo de Producto<\/b> y <b>Fot\u00f3grafo de E-commerce<\/b>, mi experiencia est\u00e1 dedicada a transformar tus art\u00edculos en la mejor versi\u00f3n de s\u00ed mismos. Entendemos que la imagen es la interfaz directa entre tu marca y el cliente. Por eso, nos especializamos en generar <b>fotograf\u00eda de producto<\/b> de alta resoluci\u00f3n dise\u00f1ada para <b>impulsar la conversi\u00f3n<\/b> y reducir las devoluciones.<\/p><p>Ofrecemos servicios de estudio, cubriendo todas las necesidades de negocio en <b>Pontevedra<\/b> y el resto de <b>Galicia y Espa\u00f1a<\/b>. Ya sea que necesites un <i>packshot<\/i> impecable con fondo blanco para moda, cosm\u00e9tica o alimentaci\u00f3n, o una producci\u00f3n de <b>v\u00eddeo corporativo<\/b>, mi objetivo es que tu negocio brille con calidad y narrativa visual en el competitivo mundo del <i>e-commerce<\/i>.<\/p><p>Aunque la fotograf\u00eda de producto es mi enfoque comercial, mi pasi\u00f3n por la imagen sigue viva en proyectos personales como bodas y familia o deporte. Te invito a explorar mi trabajo en otras galer\u00edas para conocer <b>rigor t\u00e9cnico y versatilidad<\/b>.<\/p>\t\t\t\t\t\t\t\t<\/div>\n\t\t\t\t<\/div>\n\t\t\t\t\t<\/div>\n\t\t\t\t<\/div>\n\t\t<div class=\"elementor-element elementor-element-9ff42d6 e-con-full e-flex e-con e-parent\" data-id=\"9ff42d6\" data-element_type=\"container\" data-e-type=\"container\">\n\t\t<div class=\"elementor-element elementor-element-4961f07 e-con-full e-flex e-con e-child\" data-id=\"4961f07\" data-element_type=\"container\" data-e-type=\"container\">\n\t\t\t\t<\/div>\n\t\t<div class=\"elementor-element elementor-element-c6fc2c2 e-con-full e-flex e-con e-child\" data-id=\"c6fc2c2\" data-element_type=\"container\" data-e-type=\"container\">\n\t\t\t\t<div class=\"elementor-element elementor-element-d8f91b1 elementor-align-right elementor-widget elementor-widget-button\" data-id=\"d8f91b1\" data-element_type=\"widget\" data-e-type=\"widget\" data-widget_type=\"button.default\">\n\t\t\t\t\t\t\t\t\t\t<a class=\"elementor-button elementor-button-link elementor-size-sm\" href=\"https:\/\/www.juancellaaudiovisual.com\/\" target=\"_blank\">\n\t\t\t\t\t\t<span class=\"elementor-button-content-wrapper\">\n\t\t\t\t\t\t\t\t\t<span class=\"elementor-button-text\">web Juan Cella audiovisual<\/span>\n\t\t\t\t\t<\/span>\n\t\t\t\t\t<\/a>\n\t\t\t\t\t\t\t\t<\/div>\n\t\t\t\t<\/div>\n\t\t<div class=\"elementor-element elementor-element-9869862 e-con-full e-flex e-con e-child\" data-id=\"9869862\" data-element_type=\"container\" data-e-type=\"container\">\n\t\t\t\t<div class=\"elementor-element elementor-element-b521724 elementor-widget elementor-widget-button\" data-id=\"b521724\" data-element_type=\"widget\" data-e-type=\"widget\" data-widget_type=\"button.default\">\n\t\t\t\t\t\t\t\t\t\t<a class=\"elementor-button elementor-button-link elementor-size-sm\" href=\"https:\/\/www.tanestudio.com\/index.php\/galeria-personal-juan-cella-fotografo\/\" target=\"_blank\">\n\t\t\t\t\t\t<span class=\"elementor-button-content-wrapper\">\n\t\t\t\t\t\t\t\t\t<span class=\"elementor-button-text\">Fotograf\u00eda personal<\/span>\n\t\t\t\t\t<\/span>\n\t\t\t\t\t<\/a>\n\t\t\t\t\t\t\t\t<\/div>\n\t\t\t\t<\/div>\n\t\t\t\t<\/div>\n\t\t<div class=\"elementor-element elementor-element-28dfa70 e-grid e-con-boxed e-con e-parent\" data-id=\"28dfa70\" data-element_type=\"container\" data-e-type=\"container\">\n\t\t\t\t\t<div class=\"e-con-inner\">\n\t\t\t\t\t<\/div>\n\t\t\t\t<\/div>\n\t\t\t\t<\/div>\n\t\t","protected":false},"excerpt":{"rendered":"<p>Mi viaje profesional comenz\u00f3 hace m\u00e1s de 25 a\u00f1os, pero la filosof\u00eda que gu\u00eda mi trabajo hoy es simple y [&hellip;]<\/p>\n","protected":false},"author":1,"featured_media":0,"parent":0,"menu_order":0,"comment_status":"closed","ping_status":"closed","template":"","meta":{"site-sidebar-layout":"no-sidebar","site-content-layout":"","ast-site-content-layout":"full-width-container","site-content-style":"default","site-sidebar-style":"default","ast-global-header-display":"","ast-banner-title-visibility":"","ast-main-header-display":"","ast-hfb-above-header-display":"","ast-hfb-below-header-display":"","ast-hfb-mobile-header-display":"","site-post-title":"disabled","ast-breadcrumbs-content":"","ast-featured-img":"disabled","footer-sml-layout":"","theme-transparent-header-meta":"","adv-header-id-meta":"","stick-header-meta":"","header-above-stick-meta":"","header-main-stick-meta":"","header-below-stick-meta":"","astra-migrate-meta-layouts":"default","ast-page-background-enabled":"default","ast-page-background-meta":{"desktop":{"background-color":"var(--ast-global-color-5)","background-image":"","background-repeat":"repeat","background-position":"center center","background-size":"auto","background-attachment":"scroll","background-type":"","background-media":"","overlay-type":"","overlay-color":"","overlay-opacity":"","overlay-gradient":""},"tablet":{"background-color":"","background-image":"","background-repeat":"repeat","background-position":"center center","background-size":"auto","background-attachment":"scroll","background-type":"","background-media":"","overlay-type":"","overlay-color":"","overlay-opacity":"","overlay-gradient":""},"mobile":{"background-color":"","background-image":"","background-repeat":"repeat","background-position":"center center","background-size":"auto","background-attachment":"scroll","background-type":"","background-media":"","overlay-type":"","overlay-color":"","overlay-opacity":"","overlay-gradient":""}},"ast-content-background-meta":{"desktop":{"background-color":"var(--ast-global-color-4)","background-image":"","background-repeat":"repeat","background-position":"center center","background-size":"auto","background-attachment":"scroll","background-type":"","background-media":"","overlay-type":"","overlay-color":"","overlay-opacity":"","overlay-gradient":""},"tablet":{"background-color":"var(--ast-global-color-4)","background-image":"","background-repeat":"repeat","background-position":"center center","background-size":"auto","background-attachment":"scroll","background-type":"","background-media":"","overlay-type":"","overlay-color":"","overlay-opacity":"","overlay-gradient":""},"mobile":{"background-color":"var(--ast-global-color-4)","background-image":"","background-repeat":"repeat","background-position":"center center","background-size":"auto","background-attachment":"scroll","background-type":"","background-media":"","overlay-type":"","overlay-color":"","overlay-opacity":"","overlay-gradient":""}},"footnotes":""},"class_list":["post-240","page","type-page","status-publish","hentry"],"yoast_head":"<!-- This site is optimized with the Yoast SEO plugin v26.9 - https:\/\/yoast.com\/product\/yoast-seo-wordpress\/ -->\n<title>\u00bfQui\u00e9n soy? Fot\u00f3grafo de producto en Vigo y Galicia -<\/title>\n<meta name=\"description\" content=\"Fot\u00f3grafo profesional especializado en fotograf\u00eda de producto, e-commerce y publicitaria. M\u00e1s de 10 a\u00f1os de experiencia en Galicia y toda Espa\u00f1a.\" \/>\n<meta name=\"robots\" content=\"index, follow, max-snippet:-1, max-image-preview:large, max-video-preview:-1\" \/>\n<link rel=\"canonical\" href=\"https:\/\/www.tanestudio.com\/index.php\/quien-soy\/\" \/>\n<meta property=\"og:locale\" content=\"es_ES\" \/>\n<meta property=\"og:type\" content=\"article\" \/>\n<meta property=\"og:title\" content=\"\u00bfQui\u00e9n soy? Fot\u00f3grafo de producto en Vigo y Galicia -\" \/>\n<meta property=\"og:description\" content=\"Fot\u00f3grafo profesional especializado en fotograf\u00eda de producto, e-commerce y publicitaria. M\u00e1s de 10 a\u00f1os de experiencia en Galicia y toda Espa\u00f1a.\" \/>\n<meta property=\"og:url\" content=\"https:\/\/www.tanestudio.com\/index.php\/quien-soy\/\" \/>\n<meta property=\"article:modified_time\" content=\"2025-11-11T17:17:27+00:00\" \/>\n<meta property=\"og:image\" content=\"https:\/\/www.tanestudio.com\/wp-content\/uploads\/2025\/11\/Foto-juan.jpg\" \/>\n\t<meta property=\"og:image:width\" content=\"929\" \/>\n\t<meta property=\"og:image:height\" content=\"1204\" \/>\n\t<meta property=\"og:image:type\" content=\"image\/jpeg\" \/>\n<meta name=\"twitter:card\" content=\"summary_large_image\" \/>\n<meta name=\"twitter:label1\" content=\"Tiempo de lectura\" \/>\n\t<meta name=\"twitter:data1\" content=\"1 minuto\" \/>\n<script type=\"application\/ld+json\" class=\"yoast-schema-graph\">{\"@context\":\"https:\/\/schema.org\",\"@graph\":[{\"@type\":\"WebPage\",\"@id\":\"https:\/\/www.tanestudio.com\/index.php\/quien-soy\/\",\"url\":\"https:\/\/www.tanestudio.com\/index.php\/quien-soy\/\",\"name\":\"\u00bfQui\u00e9n soy? Fot\u00f3grafo de producto en Vigo y Galicia -\",\"isPartOf\":{\"@id\":\"https:\/\/www.tanestudio.com\/#website\"},\"primaryImageOfPage\":{\"@id\":\"https:\/\/www.tanestudio.com\/index.php\/quien-soy\/#primaryimage\"},\"image\":{\"@id\":\"https:\/\/www.tanestudio.com\/index.php\/quien-soy\/#primaryimage\"},\"thumbnailUrl\":\"https:\/\/www.tanestudio.com\/wp-content\/uploads\/2025\/11\/Foto-juan-790x1024.jpg\",\"datePublished\":\"2025-11-11T15:11:48+00:00\",\"dateModified\":\"2025-11-11T17:17:27+00:00\",\"description\":\"Fot\u00f3grafo profesional especializado en fotograf\u00eda de producto, e-commerce y publicitaria. M\u00e1s de 10 a\u00f1os de experiencia en Galicia y toda Espa\u00f1a.\",\"breadcrumb\":{\"@id\":\"https:\/\/www.tanestudio.com\/index.php\/quien-soy\/#breadcrumb\"},\"inLanguage\":\"es\",\"potentialAction\":[{\"@type\":\"ReadAction\",\"target\":[\"https:\/\/www.tanestudio.com\/index.php\/quien-soy\/\"]}]},{\"@type\":\"ImageObject\",\"inLanguage\":\"es\",\"@id\":\"https:\/\/www.tanestudio.com\/index.php\/quien-soy\/#primaryimage\",\"url\":\"https:\/\/www.tanestudio.com\/wp-content\/uploads\/2025\/11\/Foto-juan.jpg\",\"contentUrl\":\"https:\/\/www.tanestudio.com\/wp-content\/uploads\/2025\/11\/Foto-juan.jpg\",\"width\":929,\"height\":1204,\"caption\":\"Retrato - Recorte\"},{\"@type\":\"BreadcrumbList\",\"@id\":\"https:\/\/www.tanestudio.com\/index.php\/quien-soy\/#breadcrumb\",\"itemListElement\":[{\"@type\":\"ListItem\",\"position\":1,\"name\":\"Portada\",\"item\":\"https:\/\/www.tanestudio.com\/\"},{\"@type\":\"ListItem\",\"position\":2,\"name\":\"\u00bfQui\u00e9n soy? Fot\u00f3grafo de producto en Vigo y Galicia\"}]},{\"@type\":\"WebSite\",\"@id\":\"https:\/\/www.tanestudio.com\/#website\",\"url\":\"https:\/\/www.tanestudio.com\/\",\"name\":\"\",\"description\":\"Fotograf\u00eda de producto y e-commerce en Vigo-Galicia\",\"potentialAction\":[{\"@type\":\"SearchAction\",\"target\":{\"@type\":\"EntryPoint\",\"urlTemplate\":\"https:\/\/www.tanestudio.com\/?s={search_term_string}\"},\"query-input\":{\"@type\":\"PropertyValueSpecification\",\"valueRequired\":true,\"valueName\":\"search_term_string\"}}],\"inLanguage\":\"es\"}]}<\/script>\n<!-- \/ Yoast SEO plugin. -->","yoast_head_json":{"title":"\u00bfQui\u00e9n soy? Fot\u00f3grafo de producto en Vigo y Galicia -","description":"Fot\u00f3grafo profesional especializado en fotograf\u00eda de producto, e-commerce y publicitaria. M\u00e1s de 10 a\u00f1os de experiencia en Galicia y toda Espa\u00f1a.","robots":{"index":"index","follow":"follow","max-snippet":"max-snippet:-1","max-image-preview":"max-image-preview:large","max-video-preview":"max-video-preview:-1"},"canonical":"https:\/\/www.tanestudio.com\/index.php\/quien-soy\/","og_locale":"es_ES","og_type":"article","og_title":"\u00bfQui\u00e9n soy? Fot\u00f3grafo de producto en Vigo y Galicia -","og_description":"Fot\u00f3grafo profesional especializado en fotograf\u00eda de producto, e-commerce y publicitaria. M\u00e1s de 10 a\u00f1os de experiencia en Galicia y toda Espa\u00f1a.","og_url":"https:\/\/www.tanestudio.com\/index.php\/quien-soy\/","article_modified_time":"2025-11-11T17:17:27+00:00","og_image":[{"width":929,"height":1204,"url":"https:\/\/www.tanestudio.com\/wp-content\/uploads\/2025\/11\/Foto-juan.jpg","type":"image\/jpeg"}],"twitter_card":"summary_large_image","twitter_misc":{"Tiempo de lectura":"1 minuto"},"schema":{"@context":"https:\/\/schema.org","@graph":[{"@type":"WebPage","@id":"https:\/\/www.tanestudio.com\/index.php\/quien-soy\/","url":"https:\/\/www.tanestudio.com\/index.php\/quien-soy\/","name":"\u00bfQui\u00e9n soy? Fot\u00f3grafo de producto en Vigo y Galicia -","isPartOf":{"@id":"https:\/\/www.tanestudio.com\/#website"},"primaryImageOfPage":{"@id":"https:\/\/www.tanestudio.com\/index.php\/quien-soy\/#primaryimage"},"image":{"@id":"https:\/\/www.tanestudio.com\/index.php\/quien-soy\/#primaryimage"},"thumbnailUrl":"https:\/\/www.tanestudio.com\/wp-content\/uploads\/2025\/11\/Foto-juan-790x1024.jpg","datePublished":"2025-11-11T15:11:48+00:00","dateModified":"2025-11-11T17:17:27+00:00","description":"Fot\u00f3grafo profesional especializado en fotograf\u00eda de producto, e-commerce y publicitaria. M\u00e1s de 10 a\u00f1os de experiencia en Galicia y toda Espa\u00f1a.","breadcrumb":{"@id":"https:\/\/www.tanestudio.com\/index.php\/quien-soy\/#breadcrumb"},"inLanguage":"es","potentialAction":[{"@type":"ReadAction","target":["https:\/\/www.tanestudio.com\/index.php\/quien-soy\/"]}]},{"@type":"ImageObject","inLanguage":"es","@id":"https:\/\/www.tanestudio.com\/index.php\/quien-soy\/#primaryimage","url":"https:\/\/www.tanestudio.com\/wp-content\/uploads\/2025\/11\/Foto-juan.jpg","contentUrl":"https:\/\/www.tanestudio.com\/wp-content\/uploads\/2025\/11\/Foto-juan.jpg","width":929,"height":1204,"caption":"Retrato - Recorte"},{"@type":"BreadcrumbList","@id":"https:\/\/www.tanestudio.com\/index.php\/quien-soy\/#breadcrumb","itemListElement":[{"@type":"ListItem","position":1,"name":"Portada","item":"https:\/\/www.tanestudio.com\/"},{"@type":"ListItem","position":2,"name":"\u00bfQui\u00e9n soy? Fot\u00f3grafo de producto en Vigo y Galicia"}]},{"@type":"WebSite","@id":"https:\/\/www.tanestudio.com\/#website","url":"https:\/\/www.tanestudio.com\/","name":"","description":"Fotograf\u00eda de producto y e-commerce en Vigo-Galicia","potentialAction":[{"@type":"SearchAction","target":{"@type":"EntryPoint","urlTemplate":"https:\/\/www.tanestudio.com\/?s={search_term_string}"},"query-input":{"@type":"PropertyValueSpecification","valueRequired":true,"valueName":"search_term_string"}}],"inLanguage":"es"}]}},"_links":{"self":[{"href":"https:\/\/www.tanestudio.com\/index.php\/wp-json\/wp\/v2\/pages\/240","targetHints":{"allow":["GET"]}}],"collection":[{"href":"https:\/\/www.tanestudio.com\/index.php\/wp-json\/wp\/v2\/pages"}],"about":[{"href":"https:\/\/www.tanestudio.com\/index.php\/wp-json\/wp\/v2\/types\/page"}],"author":[{"embeddable":true,"href":"https:\/\/www.tanestudio.com\/index.php\/wp-json\/wp\/v2\/users\/1"}],"replies":[{"embeddable":true,"href":"https:\/\/www.tanestudio.com\/index.php\/wp-json\/wp\/v2\/comments?post=240"}],"version-history":[{"count":25,"href":"https:\/\/www.tanestudio.com\/index.php\/wp-json\/wp\/v2\/pages\/240\/revisions"}],"predecessor-version":[{"id":326,"href":"https:\/\/www.tanestudio.com\/index.php\/wp-json\/wp\/v2\/pages\/240\/revisions\/326"}],"wp:attachment":[{"href":"https:\/\/www.tanestudio.com\/index.php\/wp-json\/wp\/v2\/media?parent=240"}],"curies":[{"name":"wp","href":"https:\/\/api.w.org\/{rel}","templated":true}]}}