{"id":304,"date":"2025-11-11T16:53:11","date_gmt":"2025-11-11T16:53:11","guid":{"rendered":"https:\/\/www.tanestudio.com\/?page_id=304"},"modified":"2025-11-11T17:06:19","modified_gmt":"2025-11-11T17:06:19","slug":"galeria-personal-juan-cella-fotografo","status":"publish","type":"page","link":"https:\/\/www.tanestudio.com\/index.php\/galeria-personal-juan-cella-fotografo\/","title":{"rendered":"Galer\u00eda Personal Juan Cella Fot\u00f3grafo"},"content":{"rendered":"\t\t<div data-elementor-type=\"wp-page\" data-elementor-id=\"304\" class=\"elementor elementor-304\" data-elementor-post-type=\"page\">\n\t\t\t\t<div class=\"elementor-element elementor-element-96cb6d7 e-flex e-con-boxed e-con e-parent\" data-id=\"96cb6d7\" data-element_type=\"container\" data-e-type=\"container\">\n\t\t\t\t\t<div class=\"e-con-inner\">\n\t\t\t\t<div class=\"elementor-element elementor-element-ba98db5 elementor-widget elementor-widget-gallery\" data-id=\"ba98db5\" data-element_type=\"widget\" data-e-type=\"widget\" data-settings=\"{&quot;gallery_layout&quot;:&quot;masonry&quot;,&quot;columns&quot;:2,&quot;gap&quot;:{&quot;unit&quot;:&quot;px&quot;,&quot;size&quot;:30,&quot;sizes&quot;:[]},&quot;lazyload&quot;:&quot;yes&quot;,&quot;columns_tablet&quot;:2,&quot;columns_mobile&quot;:1,&quot;gap_tablet&quot;:{&quot;unit&quot;:&quot;px&quot;,&quot;size&quot;:10,&quot;sizes&quot;:[]},&quot;gap_mobile&quot;:{&quot;unit&quot;:&quot;px&quot;,&quot;size&quot;:10,&quot;sizes&quot;:[]},&quot;link_to&quot;:&quot;file&quot;,&quot;overlay_background&quot;:&quot;yes&quot;,&quot;content_hover_animation&quot;:&quot;fade-in&quot;}\" data-widget_type=\"gallery.default\">\n\t\t\t\t\t\t\t<div class=\"elementor-gallery__container\">\n\t\t\t\t\t\t\t<a class=\"e-gallery-item elementor-gallery-item elementor-animated-content\" href=\"https:\/\/www.tanestudio.com\/wp-content\/uploads\/2025\/11\/Juan-Cella-Fotografia-personal-01.jpeg\" data-elementor-open-lightbox=\"yes\" data-elementor-lightbox-slideshow=\"ba98db5\" data-elementor-lightbox-title=\"Fotograf\u00eda Documental: Detalle de Cadena - Fot\u00f3grafo en Vigo, Galicia\" data-elementor-lightbox-description=\"Imagen de mi proyecto de fotograf\u00eda documental. Un enfoque diferente al de la fotograf\u00eda de producto, demostrando la versatilidad de nuestro fot\u00f3grafo de producto en Vigo, Pontevedra y Galicia.\" data-e-action-hash=\"#elementor-action%3Aaction%3Dlightbox%26settings%3DeyJpZCI6MzA4LCJ1cmwiOiJodHRwczpcL1wvd3d3LnRhbmVzdHVkaW8uY29tXC93cC1jb250ZW50XC91cGxvYWRzXC8yMDI1XC8xMVwvSnVhbi1DZWxsYS1Gb3RvZ3JhZmlhLXBlcnNvbmFsLTAxLmpwZWciLCJzbGlkZXNob3ciOiJiYTk4ZGI1In0%3D\">\n\t\t\t\t\t<div class=\"e-gallery-image elementor-gallery-item__image\" data-thumbnail=\"https:\/\/www.tanestudio.com\/wp-content\/uploads\/2025\/11\/Juan-Cella-Fotografia-personal-01.jpeg\" data-width=\"832\" data-height=\"1024\" aria-label=\"Detalle de cadena met\u00e1lica de columpio en enfoque selectivo. Fotograf\u00eda personal en Vigo.\" role=\"img\" ><\/div>\n\t\t\t\t\t\t\t\t\t\t\t<div class=\"elementor-gallery-item__overlay\"><\/div>\n\t\t\t\t\t\t\t\t\t\t\t\t\t\t<\/a>\n\t\t\t\t\t\t\t<a class=\"e-gallery-item elementor-gallery-item elementor-animated-content\" href=\"https:\/\/www.tanestudio.com\/wp-content\/uploads\/2025\/11\/Juan-Cella-Fotografia-personal-02.jpeg\" data-elementor-open-lightbox=\"yes\" data-elementor-lightbox-slideshow=\"ba98db5\" data-elementor-lightbox-title=\"Fotograf\u00eda Urbana Nocturna (Bokeh) - Fotografo de Producto en Pontevedra\" data-elementor-lightbox-description=\"Fotograf\u00eda de producto y urbana: un ejemplo de nuestra t\u00e9cnica de iluminaci\u00f3n y enfoque. Servicios de fotograf\u00eda de e-commerce y reportaje en Pontevedra, Vigo y Galicia.\" data-e-action-hash=\"#elementor-action%3Aaction%3Dlightbox%26settings%3DeyJpZCI6MzA5LCJ1cmwiOiJodHRwczpcL1wvd3d3LnRhbmVzdHVkaW8uY29tXC93cC1jb250ZW50XC91cGxvYWRzXC8yMDI1XC8xMVwvSnVhbi1DZWxsYS1Gb3RvZ3JhZmlhLXBlcnNvbmFsLTAyLmpwZWciLCJzbGlkZXNob3ciOiJiYTk4ZGI1In0%3D\">\n\t\t\t\t\t<div class=\"e-gallery-image elementor-gallery-item__image\" data-thumbnail=\"https:\/\/www.tanestudio.com\/wp-content\/uploads\/2025\/11\/Juan-Cella-Fotografia-personal-02.jpeg\" data-width=\"1024\" data-height=\"683\" aria-label=\"Luces de la ciudad de noche desenfocadas (bokeh), fotograf\u00eda urbana. Estudio en Pontevedra.\" role=\"img\" ><\/div>\n\t\t\t\t\t\t\t\t\t\t\t<div class=\"elementor-gallery-item__overlay\"><\/div>\n\t\t\t\t\t\t\t\t\t\t\t\t\t\t<\/a>\n\t\t\t\t\t\t\t<a class=\"e-gallery-item elementor-gallery-item elementor-animated-content\" href=\"https:\/\/www.tanestudio.com\/wp-content\/uploads\/2025\/11\/Juan-Cella-Fotografia-personal-03.jpeg\" data-elementor-open-lightbox=\"yes\" data-elementor-lightbox-slideshow=\"ba98db5\" data-elementor-lightbox-title=\"Fotograf\u00eda de Eventos: Carpa de Circo - Fot\u00f3grafo de Producto en Galicia\" data-elementor-lightbox-description=\"Un ejemplo de nuestra cobertura de eventos y reportaje, usando la misma calidad t\u00e9cnica que en la fotograf\u00eda de producto. Tu fot\u00f3grafo de producto y eventos en Galicia.\" data-e-action-hash=\"#elementor-action%3Aaction%3Dlightbox%26settings%3DeyJpZCI6MzEwLCJ1cmwiOiJodHRwczpcL1wvd3d3LnRhbmVzdHVkaW8uY29tXC93cC1jb250ZW50XC91cGxvYWRzXC8yMDI1XC8xMVwvSnVhbi1DZWxsYS1Gb3RvZ3JhZmlhLXBlcnNvbmFsLTAzLmpwZWciLCJzbGlkZXNob3ciOiJiYTk4ZGI1In0%3D\">\n\t\t\t\t\t<div class=\"e-gallery-image elementor-gallery-item__image\" data-thumbnail=\"https:\/\/www.tanestudio.com\/wp-content\/uploads\/2025\/11\/Juan-Cella-Fotografia-personal-03.jpeg\" data-width=\"1024\" data-height=\"683\" aria-label=\"Gran carpa de circo blanca y azul bajo cielo despejado. Fotograf\u00eda de eventos en Galicia.\" role=\"img\" ><\/div>\n\t\t\t\t\t\t\t\t\t\t\t<div class=\"elementor-gallery-item__overlay\"><\/div>\n\t\t\t\t\t\t\t\t\t\t\t\t\t\t<\/a>\n\t\t\t\t\t\t\t<a class=\"e-gallery-item elementor-gallery-item elementor-animated-content\" href=\"https:\/\/www.tanestudio.com\/wp-content\/uploads\/2025\/11\/Juan-Cella-Fotografia-personal-04.jpeg\" data-elementor-open-lightbox=\"yes\" data-elementor-lightbox-slideshow=\"ba98db5\" data-elementor-lightbox-title=\"Fotograf\u00eda de Arquitectura Moderna - Fotograf\u00eda de Producto en Vigo\" data-elementor-lightbox-description=\"La calidad visual aplicada tambi\u00e9n a la fotograf\u00eda de arquitectura. Demostramos nuestro dominio de la composici\u00f3n, esencial para la fotograf\u00eda de producto en Vigo y Pontevedra.\" data-e-action-hash=\"#elementor-action%3Aaction%3Dlightbox%26settings%3DeyJpZCI6MzExLCJ1cmwiOiJodHRwczpcL1wvd3d3LnRhbmVzdHVkaW8uY29tXC93cC1jb250ZW50XC91cGxvYWRzXC8yMDI1XC8xMVwvSnVhbi1DZWxsYS1Gb3RvZ3JhZmlhLXBlcnNvbmFsLTA0LmpwZWciLCJzbGlkZXNob3ciOiJiYTk4ZGI1In0%3D\">\n\t\t\t\t\t<div class=\"e-gallery-image elementor-gallery-item__image\" data-thumbnail=\"https:\/\/www.tanestudio.com\/wp-content\/uploads\/2025\/11\/Juan-Cella-Fotografia-personal-04.jpeg\" data-width=\"1024\" data-height=\"683\" aria-label=\"Estructura de edificio curvada con fachada oxidada y cristal. Arquitectura moderna en Galicia.\" role=\"img\" ><\/div>\n\t\t\t\t\t\t\t\t\t\t\t<div class=\"elementor-gallery-item__overlay\"><\/div>\n\t\t\t\t\t\t\t\t\t\t\t\t\t\t<\/a>\n\t\t\t\t\t\t\t<a class=\"e-gallery-item elementor-gallery-item elementor-animated-content\" href=\"https:\/\/www.tanestudio.com\/wp-content\/uploads\/2025\/11\/Juan-Cella-Fotografia-personal-05.jpeg\" data-elementor-open-lightbox=\"yes\" data-elementor-lightbox-slideshow=\"ba98db5\" data-elementor-lightbox-title=\"Fotograf\u00eda de Calle con Lluvia - Fot\u00f3grafo Documental en Pontevedra\" data-elementor-lightbox-description=\"Fotograf\u00eda documental de calle, capturando ambientes en Pontevedra. La misma atenci\u00f3n al detalle se aplica a la fotograf\u00eda de e-commerce y fotograf\u00eda de producto.\" data-e-action-hash=\"#elementor-action%3Aaction%3Dlightbox%26settings%3DeyJpZCI6MzEyLCJ1cmwiOiJodHRwczpcL1wvd3d3LnRhbmVzdHVkaW8uY29tXC93cC1jb250ZW50XC91cGxvYWRzXC8yMDI1XC8xMVwvSnVhbi1DZWxsYS1Gb3RvZ3JhZmlhLXBlcnNvbmFsLTA1LmpwZWciLCJzbGlkZXNob3ciOiJiYTk4ZGI1In0%3D\">\n\t\t\t\t\t<div class=\"e-gallery-image elementor-gallery-item__image\" data-thumbnail=\"https:\/\/www.tanestudio.com\/wp-content\/uploads\/2025\/11\/Juan-Cella-Fotografia-personal-05.jpeg\" data-width=\"683\" data-height=\"1024\" aria-label=\"Persona con paraguas caminando bajo la lluvia, foto de calle en ambiente oscuro\/c\u00e1lido. Fotograf\u00eda urbana.\" role=\"img\" ><\/div>\n\t\t\t\t\t\t\t\t\t\t\t<div class=\"elementor-gallery-item__overlay\"><\/div>\n\t\t\t\t\t\t\t\t\t\t\t\t\t\t<\/a>\n\t\t\t\t\t\t\t<a class=\"e-gallery-item elementor-gallery-item elementor-animated-content\" href=\"https:\/\/www.tanestudio.com\/wp-content\/uploads\/2025\/11\/Juan-Cella-Fotografia-personal-06.jpeg\" data-elementor-open-lightbox=\"yes\" data-elementor-lightbox-slideshow=\"ba98db5\" data-elementor-lightbox-title=\"Iluminaci\u00f3n de Estudio Controlada - Fot\u00f3grafo de Producto y E-commerce en Galicia\" data-elementor-lightbox-description=\"Estudio sobre la luz y el contraste, t\u00e9cnica fundamental para la fotograf\u00eda de producto y la fotograf\u00eda de e-commerce. Servicios profesionales en Galicia, Vigo y Pontevedra.\" data-e-action-hash=\"#elementor-action%3Aaction%3Dlightbox%26settings%3DeyJpZCI6MzEzLCJ1cmwiOiJodHRwczpcL1wvd3d3LnRhbmVzdHVkaW8uY29tXC93cC1jb250ZW50XC91cGxvYWRzXC8yMDI1XC8xMVwvSnVhbi1DZWxsYS1Gb3RvZ3JhZmlhLXBlcnNvbmFsLTA2LmpwZWciLCJzbGlkZXNob3ciOiJiYTk4ZGI1In0%3D\">\n\t\t\t\t\t<div class=\"e-gallery-image elementor-gallery-item__image\" data-thumbnail=\"https:\/\/www.tanestudio.com\/wp-content\/uploads\/2025\/11\/Juan-Cella-Fotografia-personal-06.jpeg\" data-width=\"1024\" data-height=\"683\" aria-label=\"Foco de luz sobre un suelo de madera oscuro. Fotograf\u00eda de estudio con iluminaci\u00f3n controlada.\" role=\"img\" ><\/div>\n\t\t\t\t\t\t\t\t\t\t\t<div class=\"elementor-gallery-item__overlay\"><\/div>\n\t\t\t\t\t\t\t\t\t\t\t\t\t\t<\/a>\n\t\t\t\t\t\t\t<a class=\"e-gallery-item elementor-gallery-item elementor-animated-content\" href=\"https:\/\/www.tanestudio.com\/wp-content\/uploads\/2025\/11\/Juan-Cella-Fotografia-personal-07.jpeg\" data-elementor-open-lightbox=\"yes\" data-elementor-lightbox-slideshow=\"ba98db5\" data-elementor-lightbox-title=\"Siluetas en Contraluz - Fotograf\u00eda Personal y Documental en Vigo\" data-elementor-lightbox-description=\"Fotograf\u00eda de producto y documental: dominio del contraluz y la composici\u00f3n. Demostrando nuestra capacidad t\u00e9cnica como fot\u00f3grafo de producto en Vigo.\" data-e-action-hash=\"#elementor-action%3Aaction%3Dlightbox%26settings%3DeyJpZCI6MzE0LCJ1cmwiOiJodHRwczpcL1wvd3d3LnRhbmVzdHVkaW8uY29tXC93cC1jb250ZW50XC91cGxvYWRzXC8yMDI1XC8xMVwvSnVhbi1DZWxsYS1Gb3RvZ3JhZmlhLXBlcnNvbmFsLTA3LmpwZWciLCJzbGlkZXNob3ciOiJiYTk4ZGI1In0%3D\">\n\t\t\t\t\t<div class=\"e-gallery-image elementor-gallery-item__image\" data-thumbnail=\"https:\/\/www.tanestudio.com\/wp-content\/uploads\/2025\/11\/Juan-Cella-Fotografia-personal-07.jpeg\" data-width=\"1024\" data-height=\"768\" aria-label=\"Siluetas de una persona caminando sobre suelo adoquinado con fuerte contraluz. Fotograf\u00eda documental.\" role=\"img\" ><\/div>\n\t\t\t\t\t\t\t\t\t\t\t<div class=\"elementor-gallery-item__overlay\"><\/div>\n\t\t\t\t\t\t\t\t\t\t\t\t\t\t<\/a>\n\t\t\t\t\t\t\t<a class=\"e-gallery-item elementor-gallery-item elementor-animated-content\" href=\"https:\/\/www.tanestudio.com\/wp-content\/uploads\/2025\/11\/Juan-Cella-Fotografia-personal-08.jpeg\" data-elementor-open-lightbox=\"yes\" data-elementor-lightbox-slideshow=\"ba98db5\" data-elementor-lightbox-title=\"Retrato de Perro en Blanco y Negro - Fotograf\u00eda de Producto en Pontevedra\" data-elementor-lightbox-description=\"Retrato de alto contraste. Muestra de nuestro dominio de la textura, vital para la fotograf\u00eda de producto de textiles o cosm\u00e9tica. Servicios en Pontevedra y Galicia.\" data-e-action-hash=\"#elementor-action%3Aaction%3Dlightbox%26settings%3DeyJpZCI6MzE1LCJ1cmwiOiJodHRwczpcL1wvd3d3LnRhbmVzdHVkaW8uY29tXC93cC1jb250ZW50XC91cGxvYWRzXC8yMDI1XC8xMVwvSnVhbi1DZWxsYS1Gb3RvZ3JhZmlhLXBlcnNvbmFsLTA4LmpwZWciLCJzbGlkZXNob3ciOiJiYTk4ZGI1In0%3D\">\n\t\t\t\t\t<div class=\"e-gallery-image elementor-gallery-item__image\" data-thumbnail=\"https:\/\/www.tanestudio.com\/wp-content\/uploads\/2025\/11\/Juan-Cella-Fotografia-personal-08.jpeg\" data-width=\"1024\" data-height=\"683\" aria-label=\"Retrato de perro con textura de pelo, en blanco y negro. Fotograf\u00eda de retrato documental.\" role=\"img\" ><\/div>\n\t\t\t\t\t\t\t\t\t\t\t<div class=\"elementor-gallery-item__overlay\"><\/div>\n\t\t\t\t\t\t\t\t\t\t\t\t\t\t<\/a>\n\t\t\t\t\t\t\t<a class=\"e-gallery-item elementor-gallery-item elementor-animated-content\" href=\"https:\/\/www.tanestudio.com\/wp-content\/uploads\/2025\/11\/Juan-Cella-Fotografia-personal-09.jpeg\" data-elementor-open-lightbox=\"yes\" data-elementor-lightbox-slideshow=\"ba98db5\" data-elementor-lightbox-title=\"Fotograf\u00eda Urbana Kiosco Abandonado - Fot\u00f3grafo de Producto en Galicia\" data-elementor-lightbox-description=\"Escena urbana en blanco y negro de Galicia. Refuerza el SEO local de nuestro servicio de fot\u00f3grafo de producto con base en Vigo y Pontevedra.\" data-e-action-hash=\"#elementor-action%3Aaction%3Dlightbox%26settings%3DeyJpZCI6MzE2LCJ1cmwiOiJodHRwczpcL1wvd3d3LnRhbmVzdHVkaW8uY29tXC93cC1jb250ZW50XC91cGxvYWRzXC8yMDI1XC8xMVwvSnVhbi1DZWxsYS1Gb3RvZ3JhZmlhLXBlcnNvbmFsLTA5LmpwZWciLCJzbGlkZXNob3ciOiJiYTk4ZGI1In0%3D\">\n\t\t\t\t\t<div class=\"e-gallery-image elementor-gallery-item__image\" data-thumbnail=\"https:\/\/www.tanestudio.com\/wp-content\/uploads\/2025\/11\/Juan-Cella-Fotografia-personal-09.jpeg\" data-width=\"1024\" data-height=\"683\" aria-label=\"Kiosco de prensa abandonado o cerrado, fotograf\u00eda urbana en blanco y negro. Vigo, Galicia.\" role=\"img\" ><\/div>\n\t\t\t\t\t\t\t\t\t\t\t<div class=\"elementor-gallery-item__overlay\"><\/div>\n\t\t\t\t\t\t\t\t\t\t\t\t\t\t<\/a>\n\t\t\t\t\t\t\t<a class=\"e-gallery-item elementor-gallery-item elementor-animated-content\" href=\"https:\/\/www.tanestudio.com\/wp-content\/uploads\/2025\/11\/Juan-Cella-Fotografia-personal-10.jpeg\" data-elementor-open-lightbox=\"yes\" data-elementor-lightbox-slideshow=\"ba98db5\" data-elementor-lightbox-title=\"Juan Cella Fotografia personal\" data-elementor-lightbox-description=\"Dos perras peleando en un parque de Galicia, desenfoque.\" data-e-action-hash=\"#elementor-action%3Aaction%3Dlightbox%26settings%3DeyJpZCI6MzE3LCJ1cmwiOiJodHRwczpcL1wvd3d3LnRhbmVzdHVkaW8uY29tXC93cC1jb250ZW50XC91cGxvYWRzXC8yMDI1XC8xMVwvSnVhbi1DZWxsYS1Gb3RvZ3JhZmlhLXBlcnNvbmFsLTEwLmpwZWciLCJzbGlkZXNob3ciOiJiYTk4ZGI1In0%3D\">\n\t\t\t\t\t<div class=\"e-gallery-image elementor-gallery-item__image\" data-thumbnail=\"https:\/\/www.tanestudio.com\/wp-content\/uploads\/2025\/11\/Juan-Cella-Fotografia-personal-10.jpeg\" data-width=\"1024\" data-height=\"683\" aria-label=\"Detalle de dos perras peleando en el suelo con luz c\u00e1lida. Fotograf\u00eda de detalle.\" role=\"img\" ><\/div>\n\t\t\t\t\t\t\t\t\t\t\t<div class=\"elementor-gallery-item__overlay\"><\/div>\n\t\t\t\t\t\t\t\t\t\t\t\t\t\t<\/a>\n\t\t\t\t\t<\/div>\n\t\t\t\t\t<\/div>\n\t\t\t\t\t<\/div>\n\t\t\t\t<\/div>\n\t\t\t\t<\/div>\n\t\t","protected":false},"excerpt":{"rendered":"","protected":false},"author":1,"featured_media":0,"parent":0,"menu_order":0,"comment_status":"closed","ping_status":"closed","template":"","meta":{"site-sidebar-layout":"no-sidebar","site-content-layout":"","ast-site-content-layout":"full-width-container","site-content-style":"default","site-sidebar-style":"default","ast-global-header-display":"","ast-banner-title-visibility":"","ast-main-header-display":"","ast-hfb-above-header-display":"","ast-hfb-below-header-display":"","ast-hfb-mobile-header-display":"","site-post-title":"disabled","ast-breadcrumbs-content":"","ast-featured-img":"disabled","footer-sml-layout":"","theme-transparent-header-meta":"","adv-header-id-meta":"","stick-header-meta":"","header-above-stick-meta":"","header-main-stick-meta":"","header-below-stick-meta":"","astra-migrate-meta-layouts":"default","ast-page-background-enabled":"default","ast-page-background-meta":{"desktop":{"background-color":"var(--ast-global-color-5)","background-image":"","background-repeat":"repeat","background-position":"center center","background-size":"auto","background-attachment":"scroll","background-type":"","background-media":"","overlay-type":"","overlay-color":"","overlay-opacity":"","overlay-gradient":""},"tablet":{"background-color":"","background-image":"","background-repeat":"repeat","background-position":"center center","background-size":"auto","background-attachment":"scroll","background-type":"","background-media":"","overlay-type":"","overlay-color":"","overlay-opacity":"","overlay-gradient":""},"mobile":{"background-color":"","background-image":"","background-repeat":"repeat","background-position":"center center","background-size":"auto","background-attachment":"scroll","background-type":"","background-media":"","overlay-type":"","overlay-color":"","overlay-opacity":"","overlay-gradient":""}},"ast-content-background-meta":{"desktop":{"background-color":"var(--ast-global-color-4)","background-image":"","background-repeat":"repeat","background-position":"center center","background-size":"auto","background-attachment":"scroll","background-type":"","background-media":"","overlay-type":"","overlay-color":"","overlay-opacity":"","overlay-gradient":""},"tablet":{"background-color":"var(--ast-global-color-4)","background-image":"","background-repeat":"repeat","background-position":"center center","background-size":"auto","background-attachment":"scroll","background-type":"","background-media":"","overlay-type":"","overlay-color":"","overlay-opacity":"","overlay-gradient":""},"mobile":{"background-color":"var(--ast-global-color-4)","background-image":"","background-repeat":"repeat","background-position":"center center","background-size":"auto","background-attachment":"scroll","background-type":"","background-media":"","overlay-type":"","overlay-color":"","overlay-opacity":"","overlay-gradient":""}},"footnotes":""},"class_list":["post-304","page","type-page","status-publish","hentry"],"yoast_head":"<!-- This site is optimized with the Yoast SEO plugin v26.9 - https:\/\/yoast.com\/product\/yoast-seo-wordpress\/ -->\n<title>Galer\u00eda Personal Juan Cella Fot\u00f3grafo -<\/title>\n<meta name=\"robots\" content=\"index, follow, max-snippet:-1, max-image-preview:large, max-video-preview:-1\" \/>\n<link rel=\"canonical\" href=\"https:\/\/www.tanestudio.com\/index.php\/galeria-personal-juan-cella-fotografo\/\" \/>\n<meta property=\"og:locale\" content=\"es_ES\" \/>\n<meta property=\"og:type\" content=\"article\" \/>\n<meta property=\"og:title\" content=\"Galer\u00eda Personal Juan Cella Fot\u00f3grafo -\" \/>\n<meta property=\"og:url\" content=\"https:\/\/www.tanestudio.com\/index.php\/galeria-personal-juan-cella-fotografo\/\" \/>\n<meta property=\"article:modified_time\" content=\"2025-11-11T17:06:19+00:00\" \/>\n<meta name=\"twitter:card\" content=\"summary_large_image\" \/>\n<script type=\"application\/ld+json\" class=\"yoast-schema-graph\">{\"@context\":\"https:\/\/schema.org\",\"@graph\":[{\"@type\":\"WebPage\",\"@id\":\"https:\/\/www.tanestudio.com\/index.php\/galeria-personal-juan-cella-fotografo\/\",\"url\":\"https:\/\/www.tanestudio.com\/index.php\/galeria-personal-juan-cella-fotografo\/\",\"name\":\"Galer\u00eda Personal Juan Cella Fot\u00f3grafo -\",\"isPartOf\":{\"@id\":\"https:\/\/www.tanestudio.com\/#website\"},\"datePublished\":\"2025-11-11T16:53:11+00:00\",\"dateModified\":\"2025-11-11T17:06:19+00:00\",\"breadcrumb\":{\"@id\":\"https:\/\/www.tanestudio.com\/index.php\/galeria-personal-juan-cella-fotografo\/#breadcrumb\"},\"inLanguage\":\"es\",\"potentialAction\":[{\"@type\":\"ReadAction\",\"target\":[\"https:\/\/www.tanestudio.com\/index.php\/galeria-personal-juan-cella-fotografo\/\"]}]},{\"@type\":\"BreadcrumbList\",\"@id\":\"https:\/\/www.tanestudio.com\/index.php\/galeria-personal-juan-cella-fotografo\/#breadcrumb\",\"itemListElement\":[{\"@type\":\"ListItem\",\"position\":1,\"name\":\"Portada\",\"item\":\"https:\/\/www.tanestudio.com\/\"},{\"@type\":\"ListItem\",\"position\":2,\"name\":\"Galer\u00eda Personal Juan Cella Fot\u00f3grafo\"}]},{\"@type\":\"WebSite\",\"@id\":\"https:\/\/www.tanestudio.com\/#website\",\"url\":\"https:\/\/www.tanestudio.com\/\",\"name\":\"\",\"description\":\"Fotograf\u00eda de producto y e-commerce en Vigo-Galicia\",\"potentialAction\":[{\"@type\":\"SearchAction\",\"target\":{\"@type\":\"EntryPoint\",\"urlTemplate\":\"https:\/\/www.tanestudio.com\/?s={search_term_string}\"},\"query-input\":{\"@type\":\"PropertyValueSpecification\",\"valueRequired\":true,\"valueName\":\"search_term_string\"}}],\"inLanguage\":\"es\"}]}<\/script>\n<!-- \/ Yoast SEO plugin. -->","yoast_head_json":{"title":"Galer\u00eda Personal Juan Cella Fot\u00f3grafo -","robots":{"index":"index","follow":"follow","max-snippet":"max-snippet:-1","max-image-preview":"max-image-preview:large","max-video-preview":"max-video-preview:-1"},"canonical":"https:\/\/www.tanestudio.com\/index.php\/galeria-personal-juan-cella-fotografo\/","og_locale":"es_ES","og_type":"article","og_title":"Galer\u00eda Personal Juan Cella Fot\u00f3grafo -","og_url":"https:\/\/www.tanestudio.com\/index.php\/galeria-personal-juan-cella-fotografo\/","article_modified_time":"2025-11-11T17:06:19+00:00","twitter_card":"summary_large_image","schema":{"@context":"https:\/\/schema.org","@graph":[{"@type":"WebPage","@id":"https:\/\/www.tanestudio.com\/index.php\/galeria-personal-juan-cella-fotografo\/","url":"https:\/\/www.tanestudio.com\/index.php\/galeria-personal-juan-cella-fotografo\/","name":"Galer\u00eda Personal Juan Cella Fot\u00f3grafo -","isPartOf":{"@id":"https:\/\/www.tanestudio.com\/#website"},"datePublished":"2025-11-11T16:53:11+00:00","dateModified":"2025-11-11T17:06:19+00:00","breadcrumb":{"@id":"https:\/\/www.tanestudio.com\/index.php\/galeria-personal-juan-cella-fotografo\/#breadcrumb"},"inLanguage":"es","potentialAction":[{"@type":"ReadAction","target":["https:\/\/www.tanestudio.com\/index.php\/galeria-personal-juan-cella-fotografo\/"]}]},{"@type":"BreadcrumbList","@id":"https:\/\/www.tanestudio.com\/index.php\/galeria-personal-juan-cella-fotografo\/#breadcrumb","itemListElement":[{"@type":"ListItem","position":1,"name":"Portada","item":"https:\/\/www.tanestudio.com\/"},{"@type":"ListItem","position":2,"name":"Galer\u00eda Personal Juan Cella Fot\u00f3grafo"}]},{"@type":"WebSite","@id":"https:\/\/www.tanestudio.com\/#website","url":"https:\/\/www.tanestudio.com\/","name":"","description":"Fotograf\u00eda de producto y e-commerce en Vigo-Galicia","potentialAction":[{"@type":"SearchAction","target":{"@type":"EntryPoint","urlTemplate":"https:\/\/www.tanestudio.com\/?s={search_term_string}"},"query-input":{"@type":"PropertyValueSpecification","valueRequired":true,"valueName":"search_term_string"}}],"inLanguage":"es"}]}},"_links":{"self":[{"href":"https:\/\/www.tanestudio.com\/index.php\/wp-json\/wp\/v2\/pages\/304","targetHints":{"allow":["GET"]}}],"collection":[{"href":"https:\/\/www.tanestudio.com\/index.php\/wp-json\/wp\/v2\/pages"}],"about":[{"href":"https:\/\/www.tanestudio.com\/index.php\/wp-json\/wp\/v2\/types\/page"}],"author":[{"embeddable":true,"href":"https:\/\/www.tanestudio.com\/index.php\/wp-json\/wp\/v2\/users\/1"}],"replies":[{"embeddable":true,"href":"https:\/\/www.tanestudio.com\/index.php\/wp-json\/wp\/v2\/comments?post=304"}],"version-history":[{"count":4,"href":"https:\/\/www.tanestudio.com\/index.php\/wp-json\/wp\/v2\/pages\/304\/revisions"}],"predecessor-version":[{"id":320,"href":"https:\/\/www.tanestudio.com\/index.php\/wp-json\/wp\/v2\/pages\/304\/revisions\/320"}],"wp:attachment":[{"href":"https:\/\/www.tanestudio.com\/index.php\/wp-json\/wp\/v2\/media?parent=304"}],"curies":[{"name":"wp","href":"https:\/\/api.w.org\/{rel}","templated":true}]}}